{"id":642,"date":"2024-11-17T21:14:00","date_gmt":"2024-11-18T04:14:00","guid":{"rendered":"https:\/\/www.hexibella.com\/product\/hexibella-leather-boots\/"},"modified":"2025-01-25T15:35:29","modified_gmt":"2025-01-25T22:35:29","slug":"skorzane-buty-hexibella","status":"publish","type":"product","link":"https:\/\/hexibella.fr\/pl\/product\/skorzane-buty-hexibella\/","title":{"rendered":"Sk\u00f3rzane buty Hexibella"},"content":{"rendered":"<div class=\"wp-block-uagb-testimonial uagb-slick-carousel uagb-tm__arrow-outside uagb-block-2a04bfe9\"><div class=\"is-carousel uagb-tm__columns-1 uagb-tm__items\"><div class=\"uagb-testimonial__wrap  uagb-tm__imgicon-style-circle uagb-tm__image-position-bottom uagb-tm__bg-type-none\"><div class=\"uagb-tm__content\"><div class=\"uagb-tm__overlay\"><\/div><div class=\"uagb-tm__text-wrap\"><div class=\"uagb-tm__desc\">Nigdy nie mia\u0142em but\u00f3w, w kt\u00f3rych czu\u0142bym si\u0119 tak dobrze. Sk\u00f3ra jest mi\u0119kka i idealnie dopasowana. Dostaj\u0119 komplementy za ka\u017cdym razem, gdy je nosz\u0119!!!<\/div><div class=\"uagb-tm__meta-inner\"><div class=\"uagb-testimonial-details\"><span class=\"uagb-tm__author-name\"><strong>Camille Dupont<\/strong><\/span><span class=\"uagb-tm__company\">Francja, \u2b50\u2b50\u2b50\u2b50\u2b50<\/span><\/div><\/div><\/div><\/div><\/div><div class=\"uagb-testimonial__wrap  uagb-tm__imgicon-style-circle uagb-tm__image-position-bottom uagb-tm__bg-type-none\"><div class=\"uagb-tm__content\"><div class=\"uagb-tm__overlay\"><\/div><div class=\"uagb-tm__text-wrap\"><div class=\"uagb-tm__desc\">Nosz\u0119 te buty codziennie i wci\u0105\u017c wygl\u0105daj\u0105 jak nowe \ud83d\udc95\ud83d\udc95 sk\u00f3ra nigdy si\u0119 nie gniecie. S\u0105 stylowe, trwa\u0142e i warte ka\u017cdego grosza!<\/div><div class=\"uagb-tm__meta-inner\"><div class=\"uagb-testimonial-details\"><span class=\"uagb-tm__author-name\"><strong><strong>Clara M\u00fcller<\/strong><\/strong><\/span><span class=\"uagb-tm__company\">Niemcy, \u2b50\u2b50\u2b50\u2b50\u2b50<\/span><\/div><\/div><\/div><\/div><\/div><div class=\"uagb-testimonial__wrap  uagb-tm__imgicon-style-circle uagb-tm__image-position-bottom uagb-tm__bg-type-none\"><div class=\"uagb-tm__content\"><div class=\"uagb-tm__overlay\"><\/div><div class=\"uagb-tm__text-wrap\"><div class=\"uagb-tm__desc\">W\u0142a\u015bnie kupi\u0142am drug\u0105 par\u0119 dla mojej c\u00f3rki. Mog\u0119 je nosi\u0107 przez ca\u0142y dzie\u0144 bez \u017cadnego dyskomfortu i wygl\u0105daj\u0105 osza\u0142amiaj\u0105co z ka\u017cdym strojem, kt\u00f3ry mam. Zdecydowanie polecam!!!<\/div><div class=\"uagb-tm__meta-inner\"><div class=\"uagb-testimonial-details\"><span class=\"uagb-tm__author-name\"><strong><strong>Isabelle Fournier<\/strong><\/strong><\/span><span class=\"uagb-tm__company\">Francja, \u2b50\u2b50\u2b50\u2b50\u2b50<\/span><\/div><\/div><\/div><\/div><\/div><\/div><\/div>\n\n\n\n<div style=\"height:64px\" aria-hidden=\"true\" class=\"wp-block-spacer\"><\/div>\n\n\n\n<div class=\"wp-block-media-text has-media-on-the-right is-stacked-on-mobile\"><div class=\"wp-block-media-text__content\">\n<p>Nasze sk\u00f3rzane botki s\u0105 proste, eleganckie i zawsze modne. Pasuj\u0105 do niemal wszystkiego w Twojej garderobie, pomagaj\u0105c Ci si\u0119 wyr\u00f3\u017cni\u0107 i podnie\u015b\u0107 rang\u0119 Twojego stroju! Idealne do pracy, na co dzie\u0144 i na imprezy.<\/p>\n<\/div><figure class=\"wp-block-media-text__media\"><img decoding=\"async\" width=\"1024\" height=\"1024\" src=\"https:\/\/hexibella.com\/\/www.hexibella.com\/wp-content\/uploads\/2024\/11\/75b018bc-3a9b-4430-a07e-9d73cf3df694-1024x1024.jpg\" alt=\"\" class=\"wp-image-639 size-full\" srcset=\"https:\/\/hexibella.fr\/wp-content\/uploads\/2024\/11\/75b018bc-3a9b-4430-a07e-9d73cf3df694-1024x1024.jpg 1024w, https:\/\/hexibella.fr\/wp-content\/uploads\/2024\/11\/75b018bc-3a9b-4430-a07e-9d73cf3df694-300x300.jpg 300w, https:\/\/hexibella.fr\/wp-content\/uploads\/2024\/11\/75b018bc-3a9b-4430-a07e-9d73cf3df694-80x80.jpg 80w, https:\/\/hexibella.fr\/wp-content\/uploads\/2024\/11\/75b018bc-3a9b-4430-a07e-9d73cf3df694-800x800.jpg 800w, https:\/\/hexibella.fr\/wp-content\/uploads\/2024\/11\/75b018bc-3a9b-4430-a07e-9d73cf3df694-150x150.jpg 150w, https:\/\/hexibella.fr\/wp-content\/uploads\/2024\/11\/75b018bc-3a9b-4430-a07e-9d73cf3df694-768x768.jpg 768w, https:\/\/hexibella.fr\/wp-content\/uploads\/2024\/11\/75b018bc-3a9b-4430-a07e-9d73cf3df694.jpg 1200w\" sizes=\"(max-width: 1024px) 100vw, 1024px\" \/><\/figure><\/div>\n\n\n\n<div class=\"wp-block-media-text is-stacked-on-mobile\" style=\"padding-top:var(--wp--preset--spacing--30);padding-bottom:var(--wp--preset--spacing--30)\"><figure class=\"wp-block-media-text__media\"><img decoding=\"async\" width=\"1024\" height=\"1024\" src=\"https:\/\/hexibella.com\/\/www.hexibella.com\/wp-content\/uploads\/2024\/11\/40ed6459-2625-4067-80c4-934dbf15ed45-1024x1024.jpg\" alt=\"\" class=\"wp-image-621 size-full\" srcset=\"https:\/\/hexibella.fr\/wp-content\/uploads\/2024\/11\/40ed6459-2625-4067-80c4-934dbf15ed45-1024x1024.jpg 1024w, https:\/\/hexibella.fr\/wp-content\/uploads\/2024\/11\/40ed6459-2625-4067-80c4-934dbf15ed45-300x300.jpg 300w, https:\/\/hexibella.fr\/wp-content\/uploads\/2024\/11\/40ed6459-2625-4067-80c4-934dbf15ed45-80x80.jpg 80w, https:\/\/hexibella.fr\/wp-content\/uploads\/2024\/11\/40ed6459-2625-4067-80c4-934dbf15ed45-800x800.jpg 800w, https:\/\/hexibella.fr\/wp-content\/uploads\/2024\/11\/40ed6459-2625-4067-80c4-934dbf15ed45-150x150.jpg 150w, https:\/\/hexibella.fr\/wp-content\/uploads\/2024\/11\/40ed6459-2625-4067-80c4-934dbf15ed45-768x768.jpg 768w, https:\/\/hexibella.fr\/wp-content\/uploads\/2024\/11\/40ed6459-2625-4067-80c4-934dbf15ed45.jpg 1200w\" sizes=\"(max-width: 1024px) 100vw, 1024px\" \/><\/figure><div class=\"wp-block-media-text__content\">\n<p>Te buty s\u0105 wykonane z wysokiej jako\u015bci sk\u00f3ry, kt\u00f3ra jest mocna i niezawodna. Wytrzymuj\u0105 deszcz, d\u0142ugie spacery i pracowite dni. Mo\u017cesz mie\u0107 pewno\u015b\u0107, \u017ce pozostan\u0105 w \u015bwietnej formie przez wiele lat. Wewn\u0119trzna wy\u015bci\u00f3\u0142ka z mi\u0119kkiego pluszu zapewnia maksymalny komfort przez ca\u0142y dzie\u0144!<\/p>\n<\/div><\/div>\n\n\n\n<div class=\"wp-block-media-text has-media-on-the-right is-stacked-on-mobile\"><div class=\"wp-block-media-text__content\">\n<p>Stworzone do ca\u0142odziennego noszenia, te buty zimowe oferuj\u0105 maksymalny komfort dzi\u0119ki amortyzowanym wk\u0142adkom i oddychaj\u0105cej izolacji. Antypo\u015blizgowe spody zapewniaj\u0105 pewno\u015b\u0107 na oblodzonych \u015bcie\u017ckach!<\/p>\n<\/div><figure class=\"wp-block-media-text__media\"><img decoding=\"async\" width=\"1024\" height=\"1024\" src=\"https:\/\/hexibella.com\/\/www.hexibella.com\/wp-content\/uploads\/2024\/11\/1773750d-74c1-48ff-8cb6-eea94c12b598-1024x1024.jpg\" alt=\"\" class=\"wp-image-636 size-full\" srcset=\"https:\/\/hexibella.fr\/wp-content\/uploads\/2024\/11\/1773750d-74c1-48ff-8cb6-eea94c12b598-1024x1024.jpg 1024w, https:\/\/hexibella.fr\/wp-content\/uploads\/2024\/11\/1773750d-74c1-48ff-8cb6-eea94c12b598-300x300.jpg 300w, https:\/\/hexibella.fr\/wp-content\/uploads\/2024\/11\/1773750d-74c1-48ff-8cb6-eea94c12b598-80x80.jpg 80w, https:\/\/hexibella.fr\/wp-content\/uploads\/2024\/11\/1773750d-74c1-48ff-8cb6-eea94c12b598-800x800.jpg 800w, https:\/\/hexibella.fr\/wp-content\/uploads\/2024\/11\/1773750d-74c1-48ff-8cb6-eea94c12b598-150x150.jpg 150w, https:\/\/hexibella.fr\/wp-content\/uploads\/2024\/11\/1773750d-74c1-48ff-8cb6-eea94c12b598-768x768.jpg 768w, https:\/\/hexibella.fr\/wp-content\/uploads\/2024\/11\/1773750d-74c1-48ff-8cb6-eea94c12b598.jpg 1200w\" sizes=\"(max-width: 1024px) 100vw, 1024px\" \/><\/figure><\/div>\n\n\n\n<div style=\"height:23px\" aria-hidden=\"true\" class=\"wp-block-spacer\"><\/div>\n\n\n\n<div class=\"wp-block-uagb-advanced-heading uagb-block-5c408e91\"><h2 class=\"uagb-heading-text\">Cz\u0119sto zadawane pytania<\/h2><\/div>\n\n\n<div class=\"wp-block-uagb-faq uagb-faq__outer-wrap uagb-block-edb52445 uagb-faq-icon-row uagb-faq-layout-accordion uagb-faq-expand-first-false uagb-faq-inactive-other-true uagb-faq__wrap uagb-buttons-layout-wrap uagb-faq-equal-height\" data-faqtoggle=\"true\" role=\"tablist\"><div class=\"wp-block-uagb-faq-child uagb-faq-child__outer-wrap uagb-faq-item uagb-block-898a77c6\" role=\"tab\" tabindex=\"0\"><div class=\"uagb-faq-questions-button uagb-faq-questions\">\t\t\t<span class=\"uagb-icon uagb-faq-icon-wrap\">\n\t\t\t\t\t\t\t\t<svg xmlns=\"https:\/\/www.w3.org\/2000\/svg\" viewbox= \"0 0 448 512\"><path d=\"M432 256c0 17.69-14.33 32.01-32 32.01H256v144c0 17.69-14.33 31.99-32 31.99s-32-14.3-32-31.99v-144H48c-17.67 0-32-14.32-32-32.01s14.33-31.99 32-31.99H192v-144c0-17.69 14.33-32.01 32-32.01s32 14.32 32 32.01v144h144C417.7 224 432 238.3 432 256z\"><\/path><\/svg>\n\t\t\t\t\t\t\t<\/span>\n\t\t\t\t\t\t<span class=\"uagb-icon-active uagb-faq-icon-wrap\">\n\t\t\t\t\t\t\t\t<svg xmlns=\"https:\/\/www.w3.org\/2000\/svg\" viewbox= \"0 0 448 512\"><path d=\"M400 288h-352c-17.69 0-32-14.32-32-32.01s14.31-31.99 32-31.99h352c17.69 0 32 14.3 32 31.99S417.7 288 400 288z\"><\/path><\/svg>\n\t\t\t\t\t\t\t<\/span>\n\t\t\t<span class=\"uagb-question\">Czy wysy\u0142ka jest bezp\u0142atna? Jak d\u0142ugo to potrwa?<\/span><\/div><div class=\"uagb-faq-content\"><p>Nasze koszty wysy\u0142ki s\u0105 wliczone w cen\u0119, a wysy\u0142ka trwa 5-9 dni roboczych.<\/p><\/div><\/div><div class=\"wp-block-uagb-faq-child uagb-faq-child__outer-wrap uagb-faq-item uagb-block-6349a889\" role=\"tab\" tabindex=\"0\"><div class=\"uagb-faq-questions-button uagb-faq-questions\">\t\t\t<span class=\"uagb-icon uagb-faq-icon-wrap\">\n\t\t\t\t\t\t\t\t<svg xmlns=\"https:\/\/www.w3.org\/2000\/svg\" viewbox= \"0 0 448 512\"><path d=\"M432 256c0 17.69-14.33 32.01-32 32.01H256v144c0 17.69-14.33 31.99-32 31.99s-32-14.3-32-31.99v-144H48c-17.67 0-32-14.32-32-32.01s14.33-31.99 32-31.99H192v-144c0-17.69 14.33-32.01 32-32.01s32 14.32 32 32.01v144h144C417.7 224 432 238.3 432 256z\"><\/path><\/svg>\n\t\t\t\t\t\t\t<\/span>\n\t\t\t\t\t\t<span class=\"uagb-icon-active uagb-faq-icon-wrap\">\n\t\t\t\t\t\t\t\t<svg xmlns=\"https:\/\/www.w3.org\/2000\/svg\" viewbox= \"0 0 448 512\"><path d=\"M400 288h-352c-17.69 0-32-14.32-32-32.01s14.31-31.99 32-31.99h352c17.69 0 32 14.3 32 31.99S417.7 288 400 288z\"><\/path><\/svg>\n\t\t\t\t\t\t\t<\/span>\n\t\t\t<span class=\"uagb-question\">Czy masz gwarancj\u0119 zwrotu pieni\u0119dzy?<\/span><\/div><div class=\"uagb-faq-content\"><p>Tak! Oferujemy bezp\u0142atne zwroty przez 30 dni dla wszystkich zam\u00f3wie\u0144.<\/p><\/div><\/div><div class=\"wp-block-uagb-faq-child uagb-faq-child__outer-wrap uagb-faq-item uagb-block-8e3db11c\" role=\"tab\" tabindex=\"0\"><div class=\"uagb-faq-questions-button uagb-faq-questions\">\t\t\t<span class=\"uagb-icon uagb-faq-icon-wrap\">\n\t\t\t\t\t\t\t\t<svg xmlns=\"https:\/\/www.w3.org\/2000\/svg\" viewbox= \"0 0 448 512\"><path d=\"M432 256c0 17.69-14.33 32.01-32 32.01H256v144c0 17.69-14.33 31.99-32 31.99s-32-14.3-32-31.99v-144H48c-17.67 0-32-14.32-32-32.01s14.33-31.99 32-31.99H192v-144c0-17.69 14.33-32.01 32-32.01s32 14.32 32 32.01v144h144C417.7 224 432 238.3 432 256z\"><\/path><\/svg>\n\t\t\t\t\t\t\t<\/span>\n\t\t\t\t\t\t<span class=\"uagb-icon-active uagb-faq-icon-wrap\">\n\t\t\t\t\t\t\t\t<svg xmlns=\"https:\/\/www.w3.org\/2000\/svg\" viewbox= \"0 0 448 512\"><path d=\"M400 288h-352c-17.69 0-32-14.32-32-32.01s14.31-31.99 32-31.99h352c17.69 0 32 14.3 32 31.99S417.7 288 400 288z\"><\/path><\/svg>\n\t\t\t\t\t\t\t<\/span>\n\t\t\t<span class=\"uagb-question\">Czy moje dane dotycz\u0105ce p\u0142atno\u015bci s\u0105 bezpieczne?<\/span><\/div><div class=\"uagb-faq-content\"><p>Informacje o p\u0142atno\u015bciach s\u0105 w pe\u0142ni zaszyfrowane i bezpieczne. U\u017cywamy Stripe i PayPal do przetwarzania transakcji, a obie us\u0142ugi wykorzystuj\u0105 zaawansowane techniki szyfrowania, aby zapewni\u0107 bezpiecze\u0144stwo informacji o p\u0142atno\u015bciach.<\/p><\/div><\/div><div class=\"wp-block-uagb-faq-child uagb-faq-child__outer-wrap uagb-faq-item uagb-block-7229b0cf\" role=\"tab\" tabindex=\"0\"><div class=\"uagb-faq-questions-button uagb-faq-questions\">\t\t\t<span class=\"uagb-icon uagb-faq-icon-wrap\">\n\t\t\t\t\t\t\t\t<svg xmlns=\"https:\/\/www.w3.org\/2000\/svg\" viewbox= \"0 0 448 512\"><path d=\"M432 256c0 17.69-14.33 32.01-32 32.01H256v144c0 17.69-14.33 31.99-32 31.99s-32-14.3-32-31.99v-144H48c-17.67 0-32-14.32-32-32.01s14.33-31.99 32-31.99H192v-144c0-17.69 14.33-32.01 32-32.01s32 14.32 32 32.01v144h144C417.7 224 432 238.3 432 256z\"><\/path><\/svg>\n\t\t\t\t\t\t\t<\/span>\n\t\t\t\t\t\t<span class=\"uagb-icon-active uagb-faq-icon-wrap\">\n\t\t\t\t\t\t\t\t<svg xmlns=\"https:\/\/www.w3.org\/2000\/svg\" viewbox= \"0 0 448 512\"><path d=\"M400 288h-352c-17.69 0-32-14.32-32-32.01s14.31-31.99 32-31.99h352c17.69 0 32 14.3 32 31.99S417.7 288 400 288z\"><\/path><\/svg>\n\t\t\t\t\t\t\t<\/span>\n\t\t\t<span class=\"uagb-question\">Czy mog\u0119 \u015bledzi\u0107 moje zam\u00f3wienie?<\/span><\/div><div class=\"uagb-faq-content\"><p>Tak. Po wys\u0142aniu zam\u00f3wienia wy\u015blemy wiadomo\u015b\u0107 e-mail z aktualizacj\u0105 statusu zam\u00f3wienia i numerem \u015bledzenia.<\/p><\/div><\/div><\/div>\n\n\n<p><\/p>","protected":false},"excerpt":{"rendered":"<p>\u2b50\ufe0f Cena zawiera koszty wysy\u0142ki<br \/>Wysy\u0142ka w ci\u0105gu 5-9 dni<br \/>Bezp\u0142atne zwroty przez 30 dni<\/p>","protected":false},"featured_media":630,"template":"","meta":{"_acf_changed":false,"bwfblock_default_font":"","_uag_custom_page_level_css":""},"product_brand":[],"product_cat":[68],"product_tag":[],"class_list":{"0":"post-642","1":"product","2":"type-product","3":"status-publish","4":"has-post-thumbnail","6":"product_cat-shoes","8":"first","9":"instock","10":"sale","11":"taxable","12":"shipping-taxable","13":"purchasable","14":"product-type-variable"},"acf":[],"uagb_featured_image_src":{"full":["https:\/\/hexibella.fr\/wp-content\/uploads\/2024\/11\/9be74e61-b1bc-40f9-a023-042ee39ac792.jpg",1200,1200,false],"thumbnail":["https:\/\/hexibella.fr\/wp-content\/uploads\/2024\/11\/9be74e61-b1bc-40f9-a023-042ee39ac792-150x150.jpg",150,150,true],"medium":["https:\/\/hexibella.fr\/wp-content\/uploads\/2024\/11\/9be74e61-b1bc-40f9-a023-042ee39ac792-300x300.jpg",300,300,true],"medium_large":["https:\/\/hexibella.fr\/wp-content\/uploads\/2024\/11\/9be74e61-b1bc-40f9-a023-042ee39ac792-768x768.jpg",768,768,true],"large":["https:\/\/hexibella.fr\/wp-content\/uploads\/2024\/11\/9be74e61-b1bc-40f9-a023-042ee39ac792-1024x1024.jpg",1024,1024,true],"1536x1536":["https:\/\/hexibella.fr\/wp-content\/uploads\/2024\/11\/9be74e61-b1bc-40f9-a023-042ee39ac792.jpg",1200,1200,false],"2048x2048":["https:\/\/hexibella.fr\/wp-content\/uploads\/2024\/11\/9be74e61-b1bc-40f9-a023-042ee39ac792.jpg",1200,1200,false],"trp-custom-language-flag":["https:\/\/hexibella.fr\/wp-content\/uploads\/2024\/11\/9be74e61-b1bc-40f9-a023-042ee39ac792.jpg",12,12,false],"woocommerce_archive_thumbnail":["https:\/\/hexibella.fr\/wp-content\/uploads\/2024\/11\/9be74e61-b1bc-40f9-a023-042ee39ac792-300x300.jpg",300,300,true],"woocommerce_thumbnail":["https:\/\/hexibella.fr\/wp-content\/uploads\/2024\/11\/9be74e61-b1bc-40f9-a023-042ee39ac792-300x300.jpg",300,300,true],"woocommerce_single":["https:\/\/hexibella.fr\/wp-content\/uploads\/2024\/11\/9be74e61-b1bc-40f9-a023-042ee39ac792-800x800.jpg",800,800,true],"woocommerce_gallery_thumbnail":["https:\/\/hexibella.fr\/wp-content\/uploads\/2024\/11\/9be74e61-b1bc-40f9-a023-042ee39ac792-80x80.jpg",80,80,true]},"uagb_author_info":{"display_name":"admin","author_link":"https:\/\/hexibella.fr\/pl\/author\/"},"uagb_comment_info":0,"uagb_excerpt":"\u2b50\ufe0f Price Includes Shipping Costs\ud83d\ude9a 5-9 Day Shipping\ud83d\udd04 Free Returns For 30 Days","_links":{"self":[{"href":"https:\/\/hexibella.fr\/pl\/wp-json\/wp\/v2\/product\/642","targetHints":{"allow":["GET"]}}],"collection":[{"href":"https:\/\/hexibella.fr\/pl\/wp-json\/wp\/v2\/product"}],"about":[{"href":"https:\/\/hexibella.fr\/pl\/wp-json\/wp\/v2\/types\/product"}],"wp:featuredmedia":[{"embeddable":true,"href":"https:\/\/hexibella.fr\/pl\/wp-json\/wp\/v2\/media\/630"}],"wp:attachment":[{"href":"https:\/\/hexibella.fr\/pl\/wp-json\/wp\/v2\/media?parent=642"}],"wp:term":[{"taxonomy":"product_brand","embeddable":true,"href":"https:\/\/hexibella.fr\/pl\/wp-json\/wp\/v2\/product_brand?post=642"},{"taxonomy":"product_cat","embeddable":true,"href":"https:\/\/hexibella.fr\/pl\/wp-json\/wp\/v2\/product_cat?post=642"},{"taxonomy":"product_tag","embeddable":true,"href":"https:\/\/hexibella.fr\/pl\/wp-json\/wp\/v2\/product_tag?post=642"}],"curies":[{"name":"wp","href":"https:\/\/api.w.org\/{rel}","templated":true}]}}