{"id":642,"date":"2024-11-17T21:14:00","date_gmt":"2024-11-18T04:14:00","guid":{"rendered":"https:\/\/www.hexibella.com\/product\/hexibella-leather-boots\/"},"modified":"2025-01-25T15:35:29","modified_gmt":"2025-01-25T22:35:29","slug":"botas-de-piel-hexibella","status":"publish","type":"product","link":"https:\/\/hexibella.fr\/es\/producto\/botas-de-piel-hexibella\/","title":{"rendered":"Botas de cuero Hexibella"},"content":{"rendered":"<div class=\"wp-block-uagb-testimonial uagb-slick-carousel uagb-tm__arrow-outside uagb-block-2a04bfe9\"><div class=\"is-carousel uagb-tm__columns-1 uagb-tm__items\"><div class=\"uagb-testimonial__wrap  uagb-tm__imgicon-style-circle uagb-tm__image-position-bottom uagb-tm__bg-type-none\"><div class=\"uagb-tm__content\"><div class=\"uagb-tm__overlay\"><\/div><div class=\"uagb-tm__text-wrap\"><div class=\"uagb-tm__desc\">Nunca hab\u00eda tenido un par de botas que me gustaran tanto. El cuero es suave, y se ajustan perfectamente. Me hacen cumplidos cada vez que me las pongo.<\/div><div class=\"uagb-tm__meta-inner\"><div class=\"uagb-testimonial-details\"><span class=\"uagb-tm__author-name\"><strong>Camille Dupont<\/strong><\/span><span class=\"uagb-tm__company\">Francia, \u2b50\u2b50\u2b50\u2b50\u2b50<\/span><\/div><\/div><\/div><\/div><\/div><div class=\"uagb-testimonial__wrap  uagb-tm__imgicon-style-circle uagb-tm__image-position-bottom uagb-tm__bg-type-none\"><div class=\"uagb-tm__content\"><div class=\"uagb-tm__overlay\"><\/div><div class=\"uagb-tm__text-wrap\"><div class=\"uagb-tm__desc\">Llevo estas botas todos los d\u00edas y todav\u00eda parecen nuevas \ud83d\udc95\ud83d\udc95 el cuero nunca se arruga. \u00a1Son elegantes, duraderas y valen cada c\u00e9ntimo!<\/div><div class=\"uagb-tm__meta-inner\"><div class=\"uagb-testimonial-details\"><span class=\"uagb-tm__author-name\"><strong><strong>Clara M\u00fcller<\/strong><\/strong><\/span><span class=\"uagb-tm__company\">Alemania, \u2b50\u2b50\u2b50\u2b50\u2b50<\/span><\/div><\/div><\/div><\/div><\/div><div class=\"uagb-testimonial__wrap  uagb-tm__imgicon-style-circle uagb-tm__image-position-bottom uagb-tm__bg-type-none\"><div class=\"uagb-tm__content\"><div class=\"uagb-tm__overlay\"><\/div><div class=\"uagb-tm__text-wrap\"><div class=\"uagb-tm__desc\">Acabo de comprar un segundo par para mi hija. Puedo llevarlos todo el d\u00eda sin ninguna molestia, y quedan impresionantes con todos los conjuntos que tengo. \u00a1Muy recomendables!<\/div><div class=\"uagb-tm__meta-inner\"><div class=\"uagb-testimonial-details\"><span class=\"uagb-tm__author-name\"><strong><strong>Isabelle Fournier<\/strong><\/strong><\/span><span class=\"uagb-tm__company\">Francia, \u2b50\u2b50\u2b50\u2b50\u2b50<\/span><\/div><\/div><\/div><\/div><\/div><\/div><\/div>\n\n\n\n<div style=\"height:64px\" aria-hidden=\"true\" class=\"wp-block-spacer\"><\/div>\n\n\n\n<div class=\"wp-block-media-text has-media-on-the-right is-stacked-on-mobile\"><div class=\"wp-block-media-text__content\">\n<p>Nuestras botas de piel son sencillas, elegantes y siempre est\u00e1n de moda. Combinan con casi cualquier prenda de tu armario y te ayudan a destacar y a elevar tu atuendo. Perfectas para el trabajo, paseos informales o fiestas.<\/p>\n<\/div><figure class=\"wp-block-media-text__media\"><img decoding=\"async\" width=\"1024\" height=\"1024\" src=\"https:\/\/hexibella.com\/\/www.hexibella.com\/wp-content\/uploads\/2024\/11\/75b018bc-3a9b-4430-a07e-9d73cf3df694-1024x1024.jpg\" alt=\"\" class=\"wp-image-639 size-full\" srcset=\"https:\/\/hexibella.fr\/wp-content\/uploads\/2024\/11\/75b018bc-3a9b-4430-a07e-9d73cf3df694-1024x1024.jpg 1024w, https:\/\/hexibella.fr\/wp-content\/uploads\/2024\/11\/75b018bc-3a9b-4430-a07e-9d73cf3df694-300x300.jpg 300w, https:\/\/hexibella.fr\/wp-content\/uploads\/2024\/11\/75b018bc-3a9b-4430-a07e-9d73cf3df694-80x80.jpg 80w, https:\/\/hexibella.fr\/wp-content\/uploads\/2024\/11\/75b018bc-3a9b-4430-a07e-9d73cf3df694-800x800.jpg 800w, https:\/\/hexibella.fr\/wp-content\/uploads\/2024\/11\/75b018bc-3a9b-4430-a07e-9d73cf3df694-150x150.jpg 150w, https:\/\/hexibella.fr\/wp-content\/uploads\/2024\/11\/75b018bc-3a9b-4430-a07e-9d73cf3df694-768x768.jpg 768w, https:\/\/hexibella.fr\/wp-content\/uploads\/2024\/11\/75b018bc-3a9b-4430-a07e-9d73cf3df694.jpg 1200w\" sizes=\"(max-width: 1024px) 100vw, 1024px\" \/><\/figure><\/div>\n\n\n\n<div class=\"wp-block-media-text is-stacked-on-mobile\" style=\"padding-top:var(--wp--preset--spacing--30);padding-bottom:var(--wp--preset--spacing--30)\"><figure class=\"wp-block-media-text__media\"><img decoding=\"async\" width=\"1024\" height=\"1024\" src=\"https:\/\/hexibella.com\/\/www.hexibella.com\/wp-content\/uploads\/2024\/11\/40ed6459-2625-4067-80c4-934dbf15ed45-1024x1024.jpg\" alt=\"\" class=\"wp-image-621 size-full\" srcset=\"https:\/\/hexibella.fr\/wp-content\/uploads\/2024\/11\/40ed6459-2625-4067-80c4-934dbf15ed45-1024x1024.jpg 1024w, https:\/\/hexibella.fr\/wp-content\/uploads\/2024\/11\/40ed6459-2625-4067-80c4-934dbf15ed45-300x300.jpg 300w, https:\/\/hexibella.fr\/wp-content\/uploads\/2024\/11\/40ed6459-2625-4067-80c4-934dbf15ed45-80x80.jpg 80w, https:\/\/hexibella.fr\/wp-content\/uploads\/2024\/11\/40ed6459-2625-4067-80c4-934dbf15ed45-800x800.jpg 800w, https:\/\/hexibella.fr\/wp-content\/uploads\/2024\/11\/40ed6459-2625-4067-80c4-934dbf15ed45-150x150.jpg 150w, https:\/\/hexibella.fr\/wp-content\/uploads\/2024\/11\/40ed6459-2625-4067-80c4-934dbf15ed45-768x768.jpg 768w, https:\/\/hexibella.fr\/wp-content\/uploads\/2024\/11\/40ed6459-2625-4067-80c4-934dbf15ed45.jpg 1200w\" sizes=\"(max-width: 1024px) 100vw, 1024px\" \/><\/figure><div class=\"wp-block-media-text__content\">\n<p>Estas botas est\u00e1n fabricadas con piel de alta calidad, resistente y fiable. Aguantan la lluvia, los largos paseos y los d\u00edas ajetreados. Puedes confiar en que se mantendr\u00e1n en plena forma durante a\u00f1os. Forradas con suave felpa en el interior para el m\u00e1ximo confort durante todo el d\u00eda.<\/p>\n<\/div><\/div>\n\n\n\n<div class=\"wp-block-media-text has-media-on-the-right is-stacked-on-mobile\"><div class=\"wp-block-media-text__content\">\n<p>Dise\u00f1adas para llevarlas todo el d\u00eda, estas botas de invierno ofrecen el m\u00e1ximo confort con plantillas acolchadas y aislamiento transpirable. La suela antideslizante proporciona seguridad tambi\u00e9n en caminos helados.<\/p>\n<\/div><figure class=\"wp-block-media-text__media\"><img decoding=\"async\" width=\"1024\" height=\"1024\" src=\"https:\/\/hexibella.com\/\/www.hexibella.com\/wp-content\/uploads\/2024\/11\/1773750d-74c1-48ff-8cb6-eea94c12b598-1024x1024.jpg\" alt=\"\" class=\"wp-image-636 size-full\" srcset=\"https:\/\/hexibella.fr\/wp-content\/uploads\/2024\/11\/1773750d-74c1-48ff-8cb6-eea94c12b598-1024x1024.jpg 1024w, https:\/\/hexibella.fr\/wp-content\/uploads\/2024\/11\/1773750d-74c1-48ff-8cb6-eea94c12b598-300x300.jpg 300w, https:\/\/hexibella.fr\/wp-content\/uploads\/2024\/11\/1773750d-74c1-48ff-8cb6-eea94c12b598-80x80.jpg 80w, https:\/\/hexibella.fr\/wp-content\/uploads\/2024\/11\/1773750d-74c1-48ff-8cb6-eea94c12b598-800x800.jpg 800w, https:\/\/hexibella.fr\/wp-content\/uploads\/2024\/11\/1773750d-74c1-48ff-8cb6-eea94c12b598-150x150.jpg 150w, https:\/\/hexibella.fr\/wp-content\/uploads\/2024\/11\/1773750d-74c1-48ff-8cb6-eea94c12b598-768x768.jpg 768w, https:\/\/hexibella.fr\/wp-content\/uploads\/2024\/11\/1773750d-74c1-48ff-8cb6-eea94c12b598.jpg 1200w\" sizes=\"(max-width: 1024px) 100vw, 1024px\" \/><\/figure><\/div>\n\n\n\n<div style=\"height:23px\" aria-hidden=\"true\" class=\"wp-block-spacer\"><\/div>\n\n\n\n<div class=\"wp-block-uagb-advanced-heading uagb-block-5c408e91\"><h2 class=\"uagb-heading-text\">Preguntas frecuentes<\/h2><\/div>\n\n\n<div class=\"wp-block-uagb-faq uagb-faq__outer-wrap uagb-block-edb52445 uagb-faq-icon-row uagb-faq-layout-accordion uagb-faq-expand-first-false uagb-faq-inactive-other-true uagb-faq__wrap uagb-buttons-layout-wrap uagb-faq-equal-height\" data-faqtoggle=\"true\" role=\"tablist\"><div class=\"wp-block-uagb-faq-child uagb-faq-child__outer-wrap uagb-faq-item uagb-block-898a77c6\" role=\"tab\" tabindex=\"0\"><div class=\"uagb-faq-questions-button uagb-faq-questions\">\t\t\t<span class=\"uagb-icon uagb-faq-icon-wrap\">\n\t\t\t\t\t\t\t\t<svg xmlns=\"https:\/\/www.w3.org\/2000\/svg\" viewbox= \"0 0 448 512\"><path d=\"M432 256c0 17.69-14.33 32.01-32 32.01H256v144c0 17.69-14.33 31.99-32 31.99s-32-14.3-32-31.99v-144H48c-17.67 0-32-14.32-32-32.01s14.33-31.99 32-31.99H192v-144c0-17.69 14.33-32.01 32-32.01s32 14.32 32 32.01v144h144C417.7 224 432 238.3 432 256z\"><\/path><\/svg>\n\t\t\t\t\t\t\t<\/span>\n\t\t\t\t\t\t<span class=\"uagb-icon-active uagb-faq-icon-wrap\">\n\t\t\t\t\t\t\t\t<svg xmlns=\"https:\/\/www.w3.org\/2000\/svg\" viewbox= \"0 0 448 512\"><path d=\"M400 288h-352c-17.69 0-32-14.32-32-32.01s14.31-31.99 32-31.99h352c17.69 0 32 14.3 32 31.99S417.7 288 400 288z\"><\/path><\/svg>\n\t\t\t\t\t\t\t<\/span>\n\t\t\t<span class=\"uagb-question\">\u00bfEl env\u00edo es gratuito? \u00bfCu\u00e1nto tiempo tardar\u00e1?<\/span><\/div><div class=\"uagb-faq-content\"><p>Nuestros gastos de env\u00edo est\u00e1n incluidos en el precio y el env\u00edo tarda entre 5 y 9 d\u00edas laborables.<\/p><\/div><\/div><div class=\"wp-block-uagb-faq-child uagb-faq-child__outer-wrap uagb-faq-item uagb-block-6349a889\" role=\"tab\" tabindex=\"0\"><div class=\"uagb-faq-questions-button uagb-faq-questions\">\t\t\t<span class=\"uagb-icon uagb-faq-icon-wrap\">\n\t\t\t\t\t\t\t\t<svg xmlns=\"https:\/\/www.w3.org\/2000\/svg\" viewbox= \"0 0 448 512\"><path d=\"M432 256c0 17.69-14.33 32.01-32 32.01H256v144c0 17.69-14.33 31.99-32 31.99s-32-14.3-32-31.99v-144H48c-17.67 0-32-14.32-32-32.01s14.33-31.99 32-31.99H192v-144c0-17.69 14.33-32.01 32-32.01s32 14.32 32 32.01v144h144C417.7 224 432 238.3 432 256z\"><\/path><\/svg>\n\t\t\t\t\t\t\t<\/span>\n\t\t\t\t\t\t<span class=\"uagb-icon-active uagb-faq-icon-wrap\">\n\t\t\t\t\t\t\t\t<svg xmlns=\"https:\/\/www.w3.org\/2000\/svg\" viewbox= \"0 0 448 512\"><path d=\"M400 288h-352c-17.69 0-32-14.32-32-32.01s14.31-31.99 32-31.99h352c17.69 0 32 14.3 32 31.99S417.7 288 400 288z\"><\/path><\/svg>\n\t\t\t\t\t\t\t<\/span>\n\t\t\t<span class=\"uagb-question\">\u00bfTienen garant\u00eda de devoluci\u00f3n de dinero?<\/span><\/div><div class=\"uagb-faq-content\"><p>\u00a1S\u00ed! Ofrecemos devoluciones gratuitas durante 30 d\u00edas en todos los pedidos.<\/p><\/div><\/div><div class=\"wp-block-uagb-faq-child uagb-faq-child__outer-wrap uagb-faq-item uagb-block-8e3db11c\" role=\"tab\" tabindex=\"0\"><div class=\"uagb-faq-questions-button uagb-faq-questions\">\t\t\t<span class=\"uagb-icon uagb-faq-icon-wrap\">\n\t\t\t\t\t\t\t\t<svg xmlns=\"https:\/\/www.w3.org\/2000\/svg\" viewbox= \"0 0 448 512\"><path d=\"M432 256c0 17.69-14.33 32.01-32 32.01H256v144c0 17.69-14.33 31.99-32 31.99s-32-14.3-32-31.99v-144H48c-17.67 0-32-14.32-32-32.01s14.33-31.99 32-31.99H192v-144c0-17.69 14.33-32.01 32-32.01s32 14.32 32 32.01v144h144C417.7 224 432 238.3 432 256z\"><\/path><\/svg>\n\t\t\t\t\t\t\t<\/span>\n\t\t\t\t\t\t<span class=\"uagb-icon-active uagb-faq-icon-wrap\">\n\t\t\t\t\t\t\t\t<svg xmlns=\"https:\/\/www.w3.org\/2000\/svg\" viewbox= \"0 0 448 512\"><path d=\"M400 288h-352c-17.69 0-32-14.32-32-32.01s14.31-31.99 32-31.99h352c17.69 0 32 14.3 32 31.99S417.7 288 400 288z\"><\/path><\/svg>\n\t\t\t\t\t\t\t<\/span>\n\t\t\t<span class=\"uagb-question\">\u00bfEst\u00e1 segura mi informaci\u00f3n de pago?<\/span><\/div><div class=\"uagb-faq-content\"><p>Tu informaci\u00f3n de pago est\u00e1 totalmente encriptada y segura. Utilizamos Stripe y PayPal para procesar las transacciones y ambos servicios utilizan t\u00e9cnicas de encriptaci\u00f3n avanzadas para garantizar la seguridad de tu informaci\u00f3n de pago.<\/p><\/div><\/div><div class=\"wp-block-uagb-faq-child uagb-faq-child__outer-wrap uagb-faq-item uagb-block-7229b0cf\" role=\"tab\" tabindex=\"0\"><div class=\"uagb-faq-questions-button uagb-faq-questions\">\t\t\t<span class=\"uagb-icon uagb-faq-icon-wrap\">\n\t\t\t\t\t\t\t\t<svg xmlns=\"https:\/\/www.w3.org\/2000\/svg\" viewbox= \"0 0 448 512\"><path d=\"M432 256c0 17.69-14.33 32.01-32 32.01H256v144c0 17.69-14.33 31.99-32 31.99s-32-14.3-32-31.99v-144H48c-17.67 0-32-14.32-32-32.01s14.33-31.99 32-31.99H192v-144c0-17.69 14.33-32.01 32-32.01s32 14.32 32 32.01v144h144C417.7 224 432 238.3 432 256z\"><\/path><\/svg>\n\t\t\t\t\t\t\t<\/span>\n\t\t\t\t\t\t<span class=\"uagb-icon-active uagb-faq-icon-wrap\">\n\t\t\t\t\t\t\t\t<svg xmlns=\"https:\/\/www.w3.org\/2000\/svg\" viewbox= \"0 0 448 512\"><path d=\"M400 288h-352c-17.69 0-32-14.32-32-32.01s14.31-31.99 32-31.99h352c17.69 0 32 14.3 32 31.99S417.7 288 400 288z\"><\/path><\/svg>\n\t\t\t\t\t\t\t<\/span>\n\t\t\t<span class=\"uagb-question\">\u00bfPuedo rastrear mi pedido?<\/span><\/div><div class=\"uagb-faq-content\"><p>S\u00ed. Una vez enviado el pedido, le enviaremos un correo electr\u00f3nico actualizando el estado de su pedido con un n\u00famero de seguimiento.<\/p><\/div><\/div><\/div>\n\n\n<p><\/p>","protected":false},"excerpt":{"rendered":"<p>\u2b50\ufe0f El precio incluye los gastos de env\u00edo<br \/>\ud83d\ude9a Env\u00edo en 5-9 d\u00edas<br \/>\ud83d\udd04 Devoluciones gratuitas durante 30 d\u00edas<\/p>","protected":false},"featured_media":630,"template":"","meta":{"_acf_changed":false,"bwfblock_default_font":"","_uag_custom_page_level_css":""},"product_brand":[],"product_cat":[68],"product_tag":[],"class_list":{"0":"post-642","1":"product","2":"type-product","3":"status-publish","4":"has-post-thumbnail","6":"product_cat-shoes","8":"first","9":"instock","10":"sale","11":"taxable","12":"shipping-taxable","13":"purchasable","14":"product-type-variable"},"acf":[],"uagb_featured_image_src":{"full":["https:\/\/hexibella.fr\/wp-content\/uploads\/2024\/11\/9be74e61-b1bc-40f9-a023-042ee39ac792.jpg",1200,1200,false],"thumbnail":["https:\/\/hexibella.fr\/wp-content\/uploads\/2024\/11\/9be74e61-b1bc-40f9-a023-042ee39ac792-150x150.jpg",150,150,true],"medium":["https:\/\/hexibella.fr\/wp-content\/uploads\/2024\/11\/9be74e61-b1bc-40f9-a023-042ee39ac792-300x300.jpg",300,300,true],"medium_large":["https:\/\/hexibella.fr\/wp-content\/uploads\/2024\/11\/9be74e61-b1bc-40f9-a023-042ee39ac792-768x768.jpg",768,768,true],"large":["https:\/\/hexibella.fr\/wp-content\/uploads\/2024\/11\/9be74e61-b1bc-40f9-a023-042ee39ac792-1024x1024.jpg",1024,1024,true],"1536x1536":["https:\/\/hexibella.fr\/wp-content\/uploads\/2024\/11\/9be74e61-b1bc-40f9-a023-042ee39ac792.jpg",1200,1200,false],"2048x2048":["https:\/\/hexibella.fr\/wp-content\/uploads\/2024\/11\/9be74e61-b1bc-40f9-a023-042ee39ac792.jpg",1200,1200,false],"trp-custom-language-flag":["https:\/\/hexibella.fr\/wp-content\/uploads\/2024\/11\/9be74e61-b1bc-40f9-a023-042ee39ac792.jpg",12,12,false],"woocommerce_archive_thumbnail":["https:\/\/hexibella.fr\/wp-content\/uploads\/2024\/11\/9be74e61-b1bc-40f9-a023-042ee39ac792-300x300.jpg",300,300,true],"woocommerce_thumbnail":["https:\/\/hexibella.fr\/wp-content\/uploads\/2024\/11\/9be74e61-b1bc-40f9-a023-042ee39ac792-300x300.jpg",300,300,true],"woocommerce_single":["https:\/\/hexibella.fr\/wp-content\/uploads\/2024\/11\/9be74e61-b1bc-40f9-a023-042ee39ac792-800x800.jpg",800,800,true],"woocommerce_gallery_thumbnail":["https:\/\/hexibella.fr\/wp-content\/uploads\/2024\/11\/9be74e61-b1bc-40f9-a023-042ee39ac792-80x80.jpg",80,80,true]},"uagb_author_info":{"display_name":"admin","author_link":"https:\/\/hexibella.fr\/es\/author\/"},"uagb_comment_info":0,"uagb_excerpt":"\u2b50\ufe0f Price Includes Shipping Costs\ud83d\ude9a 5-9 Day Shipping\ud83d\udd04 Free Returns For 30 Days","_links":{"self":[{"href":"https:\/\/hexibella.fr\/es\/wp-json\/wp\/v2\/product\/642","targetHints":{"allow":["GET"]}}],"collection":[{"href":"https:\/\/hexibella.fr\/es\/wp-json\/wp\/v2\/product"}],"about":[{"href":"https:\/\/hexibella.fr\/es\/wp-json\/wp\/v2\/types\/product"}],"wp:featuredmedia":[{"embeddable":true,"href":"https:\/\/hexibella.fr\/es\/wp-json\/wp\/v2\/media\/630"}],"wp:attachment":[{"href":"https:\/\/hexibella.fr\/es\/wp-json\/wp\/v2\/media?parent=642"}],"wp:term":[{"taxonomy":"product_brand","embeddable":true,"href":"https:\/\/hexibella.fr\/es\/wp-json\/wp\/v2\/product_brand?post=642"},{"taxonomy":"product_cat","embeddable":true,"href":"https:\/\/hexibella.fr\/es\/wp-json\/wp\/v2\/product_cat?post=642"},{"taxonomy":"product_tag","embeddable":true,"href":"https:\/\/hexibella.fr\/es\/wp-json\/wp\/v2\/product_tag?post=642"}],"curies":[{"name":"Gracias","href":"https:\/\/api.w.org\/{rel}","templated":true}]}}